{"id":27,"date":"2019-09-27T11:49:21","date_gmt":"2019-09-27T11:49:21","guid":{"rendered":"http:\/\/luxusfahnen.de\/?page_id=27"},"modified":"2019-10-14T09:25:51","modified_gmt":"2019-10-14T09:25:51","slug":"stickerei","status":"publish","type":"page","link":"http:\/\/luxusfahnen.de\/?page_id=27","title":{"rendered":"Die Stickerei"},"content":{"rendered":"\n<div class=\"wp-block-cover has-background-dim\" style=\"background-image:url(http:\/\/luxusfahnen.de\/wp-content\/uploads\/2019\/09\/153_3_18xx-Hnad-Stickerin.jpg)\"><div class=\"wp-block-cover__inner-container is-layout-flow wp-block-cover-is-layout-flow\">\n<p style=\"text-align:center\" class=\"has-large-font-size\">Die Stickerei<\/p>\n<\/div><\/div>\n\n\n\n<p>Die Stick &#8211; M\u00f6glichkeiten<\/p>\n\n\n\n<p>In der Stickerei unterscheidet man die Herstellungsvarianten <br> <br> Wichtige Fachausdr\u00fccke sind: <\/p>\n\n\n\n<div class=\"wp-block-media-text alignwide has-luminous-vivid-amber-background-color\"><figure class=\"wp-block-media-text__media\"><img loading=\"lazy\" decoding=\"async\" width=\"768\" height=\"1024\" src=\"http:\/\/luxusfahnen.de\/wp-content\/uploads\/2019\/09\/plattstichstickerei-768x1024.jpg\" alt=\"\" class=\"wp-image-164\" srcset=\"http:\/\/luxusfahnen.de\/wp-content\/uploads\/2019\/09\/plattstichstickerei-768x1024.jpg 768w, http:\/\/luxusfahnen.de\/wp-content\/uploads\/2019\/09\/plattstichstickerei-225x300.jpg 225w\" sizes=\"auto, (max-width: 768px) 100vw, 768px\" \/><\/figure><div class=\"wp-block-media-text__content\">\n<p class=\"has-large-font-size\">Plattstichstickerei<\/p>\n\n\n\n<p>Plattstichstickerei ist eine der  \u00e4ltesten Stickart. Im Gegensatz zur Kurbelstickerei die aus nur einem  Faden gestickt wird, besteht aus einem Unter- und Oberfaden. Durch diese  zwei F\u00e4den entsteht eine sehr hohe Belastbarkeit und Haltbarkeit. Die  Plattstichstickerei ist eine handgef\u00fchrte Maschinenstickerei und wegen der Festigkeit \u00fcbertragbar auf zum Beispiel einem anderen Stoff.  (Restaurierung)<\/p>\n<\/div><\/div>\n\n\n\n<div class=\"wp-block-media-text alignwide has-media-on-the-right has-luminous-vivid-amber-background-color\"><figure class=\"wp-block-media-text__media\"><img loading=\"lazy\" decoding=\"async\" width=\"768\" height=\"1024\" src=\"http:\/\/luxusfahnen.de\/wp-content\/uploads\/2019\/09\/effektgoldstickerei-768x1024.jpg\" alt=\"\" class=\"wp-image-165\" srcset=\"http:\/\/luxusfahnen.de\/wp-content\/uploads\/2019\/09\/effektgoldstickerei-768x1024.jpg 768w, http:\/\/luxusfahnen.de\/wp-content\/uploads\/2019\/09\/effektgoldstickerei-225x300.jpg 225w\" sizes=\"auto, (max-width: 768px) 100vw, 768px\" \/><\/figure><div class=\"wp-block-media-text__content\">\n<p class=\"has-large-font-size\">Effektgoldstickerei <\/p>\n\n\n\n<p>Effektgoldstickerei (auch  Lurexstickerei mit echtem Platin  und Gold) oder auch Lurexstickerei ist im Prinzip das  gleiche wie die Plattstichstickerei nur, dass der Oberfaden aus  einem Metallfaden besteht. Der Metallfaden ist feiner als ein  Baumwollfaden somit ist Stickbild eleganter, wobei die  Haltbarkeit gleich bleibt. Durch die Lurexf\u00e4den sind Gold- und  Platin Effekte m\u00f6glich. Sie ist eine kosteng\u00fcnstigere Alternative zur  Kantille Stickerei.<\/p>\n<\/div><\/div>\n\n\n\n<div class=\"wp-block-media-text alignwide has-luminous-vivid-amber-background-color\"><figure class=\"wp-block-media-text__media\"><img loading=\"lazy\" decoding=\"async\" width=\"768\" height=\"1024\" src=\"http:\/\/luxusfahnen.de\/wp-content\/uploads\/2019\/09\/goldkantille-768x1024.jpg\" alt=\"\" class=\"wp-image-166\" srcset=\"http:\/\/luxusfahnen.de\/wp-content\/uploads\/2019\/09\/goldkantille-768x1024.jpg 768w, http:\/\/luxusfahnen.de\/wp-content\/uploads\/2019\/09\/goldkantille-225x300.jpg 225w\" sizes=\"auto, (max-width: 768px) 100vw, 768px\" \/><\/figure><div class=\"wp-block-media-text__content\">\n<p class=\"has-large-font-size\">Handstickerei<\/p>\n\n\n\n<p>Handstickerei oder Hochstickerei oder auch Kantillestickerei (echtes Gold) wird in reinster  Handarbeit gefertigt. Hier wird mit Nadel und Faden eine feine  goldfarbene oder Platin farbene Metallspirale aufgef\u00e4delt und  vern\u00e4ht (Abbildung).<\/p>\n<\/div><\/div>\n\n\n\n<p style=\"text-align:center\" class=\"has-text-color has-background has-large-font-size has-vivid-red-color has-luminous-vivid-amber-background-color\">\n\tDurch Kombination aus allen Techniken entsteht ein wahres Kunstwerk!<\/p>\n\n\n\n<p><\/p>\n\n\n\n<figure class=\"wp-block-image\"><img loading=\"lazy\" decoding=\"async\" width=\"1024\" height=\"931\" src=\"http:\/\/luxusfahnen.de\/wp-content\/uploads\/2019\/09\/Loewe-1-Gross-1024x931.gif\" alt=\"\" class=\"wp-image-169\" srcset=\"http:\/\/luxusfahnen.de\/wp-content\/uploads\/2019\/09\/Loewe-1-Gross-1024x931.gif 1024w, http:\/\/luxusfahnen.de\/wp-content\/uploads\/2019\/09\/Loewe-1-Gross-300x273.gif 300w, http:\/\/luxusfahnen.de\/wp-content\/uploads\/2019\/09\/Loewe-1-Gross-768x698.gif 768w\" sizes=\"auto, (max-width: 1024px) 100vw, 1024px\" \/><figcaption><strong>Hier sind die F\u00e4den mit der Hand so verlegt, dass die M\u00e4hne vom L\u00f6wen dreidimensional erscheint<\/strong><\/figcaption><\/figure>\n\n\n\n<figure class=\"wp-block-image\"><img loading=\"lazy\" decoding=\"async\" width=\"768\" height=\"1024\" src=\"http:\/\/luxusfahnen.de\/wp-content\/uploads\/2019\/09\/Fan-Goch-9-768x1024.jpg\" alt=\"\" class=\"wp-image-171\" srcset=\"http:\/\/luxusfahnen.de\/wp-content\/uploads\/2019\/09\/Fan-Goch-9-768x1024.jpg 768w, http:\/\/luxusfahnen.de\/wp-content\/uploads\/2019\/09\/Fan-Goch-9-225x300.jpg 225w, http:\/\/luxusfahnen.de\/wp-content\/uploads\/2019\/09\/Fan-Goch-9.jpg 1680w\" sizes=\"auto, (max-width: 768px) 100vw, 768px\" \/><figcaption>Gobelin-Wappen- Hier wurden sp\u00e4ter die wei\u00dfen und die gelben Teile mit Gold und Platin ersetzt<\/figcaption><\/figure>\n\n\n\n<p><\/p>\n\n\n\n<p style=\"text-align:center\" class=\"has-large-font-size\">Selbst bei einer Autostandarte werden die Edelmetalle verwandt.<\/p>\n\n\n\n<p><\/p>\n\n\n\n<ul class=\"wp-block-gallery columns-2 is-cropped wp-block-gallery-1 is-layout-flex wp-block-gallery-is-layout-flex\"><li class=\"blocks-gallery-item\"><figure><img loading=\"lazy\" decoding=\"async\" width=\"890\" height=\"746\" src=\"http:\/\/luxusfahnen.de\/wp-content\/uploads\/2019\/09\/Autostander-Mitte-1.jpg\" alt=\"\" data-id=\"212\" data-link=\"http:\/\/luxusfahnen.de\/?attachment_id=212\" class=\"wp-image-212\" srcset=\"http:\/\/luxusfahnen.de\/wp-content\/uploads\/2019\/09\/Autostander-Mitte-1.jpg 890w, http:\/\/luxusfahnen.de\/wp-content\/uploads\/2019\/09\/Autostander-Mitte-1-300x251.jpg 300w, http:\/\/luxusfahnen.de\/wp-content\/uploads\/2019\/09\/Autostander-Mitte-1-768x644.jpg 768w\" sizes=\"auto, (max-width: 890px) 100vw, 890px\" \/><\/figure><\/li><li class=\"blocks-gallery-item\"><figure><img loading=\"lazy\" decoding=\"async\" width=\"1024\" height=\"783\" src=\"http:\/\/luxusfahnen.de\/wp-content\/uploads\/2019\/09\/Auto-Standarte-mit-Auto-1-1024x783.jpg\" alt=\"\" data-id=\"214\" data-link=\"http:\/\/luxusfahnen.de\/?attachment_id=214\" class=\"wp-image-214\" srcset=\"http:\/\/luxusfahnen.de\/wp-content\/uploads\/2019\/09\/Auto-Standarte-mit-Auto-1-1024x783.jpg 1024w, http:\/\/luxusfahnen.de\/wp-content\/uploads\/2019\/09\/Auto-Standarte-mit-Auto-1-300x229.jpg 300w, http:\/\/luxusfahnen.de\/wp-content\/uploads\/2019\/09\/Auto-Standarte-mit-Auto-1-768x587.jpg 768w, http:\/\/luxusfahnen.de\/wp-content\/uploads\/2019\/09\/Auto-Standarte-mit-Auto-1.jpg 1929w\" sizes=\"auto, (max-width: 1024px) 100vw, 1024px\" \/><\/figure><\/li><\/ul>\n\n\n\n<p><\/p>\n\n\n\n<p><\/p>\n\n\n\n<p><\/p>\n\n\n<div id=\"pl-gb27-6a0475298e5a2\"  class=\"panel-layout\" ><div id=\"pg-gb27-6a0475298e5a2-0\"  class=\"panel-grid panel-no-style\" ><div id=\"pgc-gb27-6a0475298e5a2-0-0\"  class=\"panel-grid-cell\" ><div id=\"panel-gb27-6a0475298e5a2-0-0-0\" class=\"so-panel widget widget_media_image panel-first-child panel-last-child\" data-index=\"0\" ><img loading=\"lazy\" decoding=\"async\" width=\"150\" height=\"37\" src=\"http:\/\/luxusfahnen.de\/wp-content\/uploads\/2019\/09\/KOCH_Gruppe-Original-grund-300x73.gif\" class=\"image wp-image-263  attachment-150x37 size-150x37\" alt=\"\" style=\"max-width: 100%; height: auto;\" \/><\/div><\/div><div id=\"pgc-gb27-6a0475298e5a2-0-1\"  class=\"panel-grid-cell\" ><div id=\"panel-gb27-6a0475298e5a2-0-1-0\" class=\"so-panel widget widget_media_image panel-first-child panel-last-child\" data-index=\"1\" ><img loading=\"lazy\" decoding=\"async\" width=\"200\" height=\"44\" src=\"http:\/\/luxusfahnen.de\/wp-content\/uploads\/2019\/09\/Luxus-Zeichen-1-300x66.png\" class=\"image wp-image-48  attachment-200x44 size-200x44\" alt=\"\" style=\"max-width: 100%; height: auto;\" srcset=\"http:\/\/luxusfahnen.de\/wp-content\/uploads\/2019\/09\/Luxus-Zeichen-1-300x66.png 300w, http:\/\/luxusfahnen.de\/wp-content\/uploads\/2019\/09\/Luxus-Zeichen-1-768x168.png 768w, http:\/\/luxusfahnen.de\/wp-content\/uploads\/2019\/09\/Luxus-Zeichen-1-1024x224.png 1024w, http:\/\/luxusfahnen.de\/wp-content\/uploads\/2019\/09\/Luxus-Zeichen-1.png 1552w\" sizes=\"auto, (max-width: 200px) 100vw, 200px\" \/><\/div><\/div><\/div><\/div>\n\n<div>You need to add a widget, row, or prebuilt layout before you&#8217;ll see anything here. \ud83d\ude42<\/div>","protected":false},"excerpt":{"rendered":"<p>Die Stick &#8211; M\u00f6glichkeiten In der Stickerei unterscheidet man die Herstellungsvarianten Wichtige Fachausdr\u00fccke sind: Plattstichstickerei Plattstichstickerei ist eine der \u00e4ltesten Stickart. Im Gegensatz zur Kurbelstickerei die aus nur einem Faden gestickt wird, besteht aus einem Unter- und Oberfaden. Durch diese zwei F\u00e4den entsteht eine sehr hohe Belastbarkeit und Haltbarkeit. Die Plattstichstickerei ist eine handgef\u00fchrte Maschinenstickerei [&hellip;]<\/p>\n","protected":false},"author":1,"featured_media":0,"parent":0,"menu_order":0,"comment_status":"closed","ping_status":"closed","template":"template-fullwidth-no-title.php","meta":{"footnotes":""},"class_list":["post-27","page","type-page","status-publish","hentry"],"_links":{"self":[{"href":"http:\/\/luxusfahnen.de\/index.php?rest_route=\/wp\/v2\/pages\/27","targetHints":{"allow":["GET"]}}],"collection":[{"href":"http:\/\/luxusfahnen.de\/index.php?rest_route=\/wp\/v2\/pages"}],"about":[{"href":"http:\/\/luxusfahnen.de\/index.php?rest_route=\/wp\/v2\/types\/page"}],"author":[{"embeddable":true,"href":"http:\/\/luxusfahnen.de\/index.php?rest_route=\/wp\/v2\/users\/1"}],"replies":[{"embeddable":true,"href":"http:\/\/luxusfahnen.de\/index.php?rest_route=%2Fwp%2Fv2%2Fcomments&post=27"}],"version-history":[{"count":9,"href":"http:\/\/luxusfahnen.de\/index.php?rest_route=\/wp\/v2\/pages\/27\/revisions"}],"predecessor-version":[{"id":219,"href":"http:\/\/luxusfahnen.de\/index.php?rest_route=\/wp\/v2\/pages\/27\/revisions\/219"}],"wp:attachment":[{"href":"http:\/\/luxusfahnen.de\/index.php?rest_route=%2Fwp%2Fv2%2Fmedia&parent=27"}],"curies":[{"name":"wp","href":"https:\/\/api.w.org\/{rel}","templated":true}]}}