{"id":32,"date":"2019-09-27T11:52:23","date_gmt":"2019-09-27T11:52:23","guid":{"rendered":"http:\/\/luxusfahnen.de\/?page_id=32"},"modified":"2019-09-28T09:21:50","modified_gmt":"2019-09-28T09:21:50","slug":"die-stoffe","status":"publish","type":"page","link":"http:\/\/luxusfahnen.de\/?page_id=32","title":{"rendered":"Die Stoffe"},"content":{"rendered":"\n<p><\/p>\n\n\n\n<div class=\"wp-block-cover has-background-dim\" style=\"background-image:url(http:\/\/luxusfahnen.de\/wp-content\/uploads\/2019\/09\/Atlas0.jpg)\"><div class=\"wp-block-cover__inner-container is-layout-flow wp-block-cover-is-layout-flow\">\n<p style=\"text-align:center\" class=\"has-large-font-size\">Die Textilien (Stoffe)<\/p>\n<\/div><\/div>\n\n\n\n<p>Die Kunststickerei \n\t\t\t\tbedient sich nur hochwertiger Materialien.<br>\n\t\t\t\t<br>\n\t\t\t\tDie Grundmaterialien:<\/p>\n\n\n\n<div class=\"wp-block-media-text alignwide has-luminous-vivid-amber-background-color\"><figure class=\"wp-block-media-text__media\"><img loading=\"lazy\" decoding=\"async\" width=\"1024\" height=\"768\" src=\"http:\/\/luxusfahnen.de\/wp-content\/uploads\/2019\/09\/Samt2-1024x768.jpg\" alt=\"\" class=\"wp-image-158\" srcset=\"http:\/\/luxusfahnen.de\/wp-content\/uploads\/2019\/09\/Samt2-1024x768.jpg 1024w, http:\/\/luxusfahnen.de\/wp-content\/uploads\/2019\/09\/Samt2-300x225.jpg 300w, http:\/\/luxusfahnen.de\/wp-content\/uploads\/2019\/09\/Samt2-768x576.jpg 768w, http:\/\/luxusfahnen.de\/wp-content\/uploads\/2019\/09\/Samt2-285x214.jpg 285w\" sizes=\"auto, (max-width: 1024px) 100vw, 1024px\" \/><\/figure><div class=\"wp-block-media-text__content\">\n<p class=\"has-large-font-size\">B<strong>rillantsamt:<\/strong><\/p>\n\n\n\n<p> Ein Samt ist ein  Textil, was doppelseitig gewebt anschlie\u00dfend gef\u00e4rbt und  ausger\u00fcstet wird. Zum Schluss wird das Webgut auseinander  geschnitten und es entsteht der Samt mit seinem gl\u00e4nzenden  Flaum, der auch eine ganz besondere Optik besitzt. <\/p>\n<\/div><\/div>\n\n\n\n<div class=\"wp-block-media-text alignwide has-media-on-the-right has-luminous-vivid-amber-background-color\"><figure class=\"wp-block-media-text__media\"><img loading=\"lazy\" decoding=\"async\" width=\"1024\" height=\"768\" src=\"http:\/\/luxusfahnen.de\/wp-content\/uploads\/2019\/09\/Popelinw-1024x768.jpg\" alt=\"\" class=\"wp-image-157\" srcset=\"http:\/\/luxusfahnen.de\/wp-content\/uploads\/2019\/09\/Popelinw-1024x768.jpg 1024w, http:\/\/luxusfahnen.de\/wp-content\/uploads\/2019\/09\/Popelinw-300x225.jpg 300w, http:\/\/luxusfahnen.de\/wp-content\/uploads\/2019\/09\/Popelinw-768x576.jpg 768w, http:\/\/luxusfahnen.de\/wp-content\/uploads\/2019\/09\/Popelinw-285x214.jpg 285w\" sizes=\"auto, (max-width: 1024px) 100vw, 1024px\" \/><\/figure><div class=\"wp-block-media-text__content\">\n<p class=\"has-large-font-size\"> Popeline:<\/p>\n\n\n\n<p>Ist ein robustes  Textil, das Eigenschaften hat wie Seide aber viel fester.&nbsp; Es wird aus 100%  Naturfaser hergestellt.<\/p>\n<\/div><\/div>\n\n\n\n<div class=\"wp-block-media-text alignwide has-luminous-vivid-amber-background-color\"><figure class=\"wp-block-media-text__media\"><img loading=\"lazy\" decoding=\"async\" width=\"1024\" height=\"768\" src=\"http:\/\/luxusfahnen.de\/wp-content\/uploads\/2019\/09\/Farb8-1024x768.jpg\" alt=\"\" class=\"wp-image-156\" srcset=\"http:\/\/luxusfahnen.de\/wp-content\/uploads\/2019\/09\/Farb8-1024x768.jpg 1024w, http:\/\/luxusfahnen.de\/wp-content\/uploads\/2019\/09\/Farb8-300x225.jpg 300w, http:\/\/luxusfahnen.de\/wp-content\/uploads\/2019\/09\/Farb8-768x576.jpg 768w, http:\/\/luxusfahnen.de\/wp-content\/uploads\/2019\/09\/Farb8-285x214.jpg 285w\" sizes=\"auto, (max-width: 1024px) 100vw, 1024px\" \/><\/figure><div class=\"wp-block-media-text__content\">\n<p class=\"has-large-font-size\"> Designer Popeline:<\/p>\n\n\n\n<p>Ein  Textil, das man handkolorieren und besticken kann. Das 100% iges  Polyester Gewebe f\u00e4llt leicht und formt jeden Untergrund.<\/p>\n<\/div><\/div>\n\n\n\n<div class=\"wp-block-media-text alignwide has-media-on-the-right has-luminous-vivid-amber-background-color\"><figure class=\"wp-block-media-text__media\"><img loading=\"lazy\" decoding=\"async\" width=\"1024\" height=\"681\" src=\"http:\/\/luxusfahnen.de\/wp-content\/uploads\/2019\/09\/Damast-Seide-1024x681.jpg\" alt=\"\" class=\"wp-image-155\" srcset=\"http:\/\/luxusfahnen.de\/wp-content\/uploads\/2019\/09\/Damast-Seide-1024x681.jpg 1024w, http:\/\/luxusfahnen.de\/wp-content\/uploads\/2019\/09\/Damast-Seide-300x200.jpg 300w, http:\/\/luxusfahnen.de\/wp-content\/uploads\/2019\/09\/Damast-Seide-768x511.jpg 768w, http:\/\/luxusfahnen.de\/wp-content\/uploads\/2019\/09\/Damast-Seide-750x500.jpg 750w, http:\/\/luxusfahnen.de\/wp-content\/uploads\/2019\/09\/Damast-Seide-272x182.jpg 272w\" sizes=\"auto, (max-width: 1024px) 100vw, 1024px\" \/><\/figure><div class=\"wp-block-media-text__content\">\n<p class=\"has-large-font-size\">Damast Seide<\/p>\n\n\n\n<p>Ist reine Seide,  die sehr empfindlich ist, aber den seidenmatten Glanz besitzt.  (Seidenschrei). Ist preislich sehr Anspruchs voll<\/p>\n<\/div><\/div>\n\n\n\n<p><strong>\n\t\t\t\tBaumwolle und \n\t\t\t\tWolle:<\/strong><br>\n\t\t\t\t<\/p>\n\n\n\n<p>\n\t\t\t\tEs werden \n\t\t\t\tStickereien auch einfach auf normalen Webwaren zum Beispiel in \n\t\t\t\tLeinwandbindung oder K\u00f6perbindung hergestellt.<\/p>\n\n\n\n<p><strong>\n\t\t\t\tKundenwaren:<\/strong><br>\n\t\t\t\t<\/p>\n\n\n\n<p>\n\t\t\t\tWir besticken auch \n\t\t\t\tihre Ware vom Teppich bis zu Bekleidung&nbsp; von der Tischdecke&nbsp; bis zur Pferdedecke. Wir sind Ihr Ansprechpartner rund \n\t\t\t\tum die Stickerei.<\/p>\n\n\n\n<p><\/p>\n\n\n\n<p><\/p>\n\n\n<div id=\"pl-gb32-6a04757b91e70\"  class=\"panel-layout\" ><div id=\"pg-gb32-6a04757b91e70-0\"  class=\"panel-grid panel-no-style\" ><div id=\"pgc-gb32-6a04757b91e70-0-0\"  class=\"panel-grid-cell\" ><div id=\"panel-gb32-6a04757b91e70-0-0-0\" class=\"so-panel widget widget_media_image panel-first-child panel-last-child\" data-index=\"0\" ><img loading=\"lazy\" decoding=\"async\" width=\"150\" height=\"37\" src=\"http:\/\/luxusfahnen.de\/wp-content\/uploads\/2019\/09\/KOCH_Gruppe-Original-grund-300x73.gif\" class=\"image wp-image-263  attachment-150x37 size-150x37\" alt=\"\" style=\"max-width: 100%; height: auto;\" \/><\/div><\/div><div id=\"pgc-gb32-6a04757b91e70-0-1\"  class=\"panel-grid-cell\" ><div id=\"panel-gb32-6a04757b91e70-0-1-0\" class=\"so-panel widget widget_media_image panel-first-child panel-last-child\" data-index=\"1\" ><img loading=\"lazy\" decoding=\"async\" width=\"200\" height=\"44\" src=\"http:\/\/luxusfahnen.de\/wp-content\/uploads\/2019\/09\/Luxus-Zeichen-1-300x66.png\" class=\"image wp-image-48  attachment-200x44 size-200x44\" alt=\"\" style=\"max-width: 100%; height: auto;\" srcset=\"http:\/\/luxusfahnen.de\/wp-content\/uploads\/2019\/09\/Luxus-Zeichen-1-300x66.png 300w, http:\/\/luxusfahnen.de\/wp-content\/uploads\/2019\/09\/Luxus-Zeichen-1-768x168.png 768w, http:\/\/luxusfahnen.de\/wp-content\/uploads\/2019\/09\/Luxus-Zeichen-1-1024x224.png 1024w, http:\/\/luxusfahnen.de\/wp-content\/uploads\/2019\/09\/Luxus-Zeichen-1.png 1552w\" sizes=\"auto, (max-width: 200px) 100vw, 200px\" \/><\/div><\/div><\/div><\/div>\n\n\n<p><\/p>\n","protected":false},"excerpt":{"rendered":"<p>Die Kunststickerei bedient sich nur hochwertiger Materialien. Die Grundmaterialien: Brillantsamt: Ein Samt ist ein Textil, was doppelseitig gewebt anschlie\u00dfend gef\u00e4rbt und ausger\u00fcstet wird. Zum Schluss wird das Webgut auseinander geschnitten und es entsteht der Samt mit seinem gl\u00e4nzenden Flaum, der auch eine ganz besondere Optik besitzt. Popeline: Ist ein robustes Textil, das Eigenschaften hat wie [&hellip;]<\/p>\n","protected":false},"author":1,"featured_media":0,"parent":0,"menu_order":0,"comment_status":"closed","ping_status":"closed","template":"template-fullwidth-no-title.php","meta":{"footnotes":""},"class_list":["post-32","page","type-page","status-publish","hentry"],"_links":{"self":[{"href":"http:\/\/luxusfahnen.de\/index.php?rest_route=\/wp\/v2\/pages\/32","targetHints":{"allow":["GET"]}}],"collection":[{"href":"http:\/\/luxusfahnen.de\/index.php?rest_route=\/wp\/v2\/pages"}],"about":[{"href":"http:\/\/luxusfahnen.de\/index.php?rest_route=\/wp\/v2\/types\/page"}],"author":[{"embeddable":true,"href":"http:\/\/luxusfahnen.de\/index.php?rest_route=\/wp\/v2\/users\/1"}],"replies":[{"embeddable":true,"href":"http:\/\/luxusfahnen.de\/index.php?rest_route=%2Fwp%2Fv2%2Fcomments&post=32"}],"version-history":[{"count":5,"href":"http:\/\/luxusfahnen.de\/index.php?rest_route=\/wp\/v2\/pages\/32\/revisions"}],"predecessor-version":[{"id":160,"href":"http:\/\/luxusfahnen.de\/index.php?rest_route=\/wp\/v2\/pages\/32\/revisions\/160"}],"wp:attachment":[{"href":"http:\/\/luxusfahnen.de\/index.php?rest_route=%2Fwp%2Fv2%2Fmedia&parent=32"}],"curies":[{"name":"wp","href":"https:\/\/api.w.org\/{rel}","templated":true}]}}